{"id":6579,"date":"2024-08-22T08:04:08","date_gmt":"2024-08-22T08:04:08","guid":{"rendered":"https:\/\/cespetitsreves.fr\/?page_id=6579"},"modified":"2024-11-13T08:43:39","modified_gmt":"2024-11-13T08:43:39","slug":"prestataires-par-region","status":"publish","type":"page","link":"https:\/\/cespetitsreves.fr\/?page_id=6579","title":{"rendered":"Prestataires par r\u00e9gion"},"content":{"rendered":"<p>[et_pb_section fb_built=\u00a0\u00bb1&Prime; _builder_version=\u00a0\u00bb4.27.0&Prime; _module_preset=\u00a0\u00bbdefault\u00a0\u00bb background_image=\u00a0\u00bbhttp:\/\/cespetitsreves.fr\/wp-content\/uploads\/2024\/08\/INSPIRATION-MARIAGE-EMPIRE-FEERIES-COUTURE-CHATEAU-PUYDANIEL-AUDE-OCCITANIE-PHOTOGRAPHE-INTIMISTE-SOPHIE-BACHERE-HD-60.j-00060-scaled.jpg\u00a0\u00bb parallax=\u00a0\u00bbon\u00a0\u00bb parallax_method=\u00a0\u00bboff\u00a0\u00bb custom_padding=\u00a0\u00bb241px||241px||true|false\u00a0\u00bb bottom_divider_style=\u00a0\u00bbarrow\u00a0\u00bb bottom_divider_color=\u00a0\u00bb#FAF8F6&Prime; locked=\u00a0\u00bboff\u00a0\u00bb global_colors_info=\u00a0\u00bb{}\u00a0\u00bb][et_pb_row _builder_version=\u00a0\u00bb4.27.0&Prime; _module_preset=\u00a0\u00bbdefault\u00a0\u00bb global_colors_info=\u00a0\u00bb{}\u00a0\u00bb][et_pb_column type=\u00a0\u00bb4_4&Prime; _builder_version=\u00a0\u00bb4.27.0&Prime; _module_preset=\u00a0\u00bbdefault\u00a0\u00bb global_colors_info=\u00a0\u00bb{}\u00a0\u00bb][\/et_pb_column][\/et_pb_row][\/et_pb_section][et_pb_section fb_built=\u00a0\u00bb1&Prime; _builder_version=\u00a0\u00bb4.27.0&Prime; _module_preset=\u00a0\u00bbdefault\u00a0\u00bb background_color=\u00a0\u00bb#faf8f6&Prime; custom_padding=\u00a0\u00bb93px||63px|||\u00a0\u00bb locked=\u00a0\u00bboff\u00a0\u00bb global_colors_info=\u00a0\u00bb{}\u00a0\u00bb][et_pb_row _builder_version=\u00a0\u00bb4.27.0&Prime; _module_preset=\u00a0\u00bbdefault\u00a0\u00bb custom_margin=\u00a0\u00bb|auto|49px|auto||\u00a0\u00bb animation_style=\u00a0\u00bbfade\u00a0\u00bb global_colors_info=\u00a0\u00bb{}\u00a0\u00bb][et_pb_column type=\u00a0\u00bb4_4&Prime; _builder_version=\u00a0\u00bb4.27.0&Prime; _module_preset=\u00a0\u00bbdefault\u00a0\u00bb global_colors_info=\u00a0\u00bb{}\u00a0\u00bb][et_pb_image src=\u00a0\u00bbhttp:\/\/cespetitsreves.fr\/wp-content\/uploads\/2024\/10\/papillon-2-1.png\u00a0\u00bb title_text=\u00a0\u00bbpapillon 2&Prime; align=\u00a0\u00bbcenter\u00a0\u00bb _builder_version=\u00a0\u00bb4.27.2&Prime; _module_preset=\u00a0\u00bbdefault\u00a0\u00bb transform_rotate=\u00a0\u00bb0deg|0deg|11deg\u00a0\u00bb width=\u00a0\u00bb16%\u00a0\u00bb width_tablet=\u00a0\u00bb30%\u00a0\u00bb width_phone=\u00a0\u00bb50%\u00a0\u00bb width_last_edited=\u00a0\u00bbon|phone\u00a0\u00bb scroll_rotating_enable=\u00a0\u00bbon\u00a0\u00bb scroll_rotating=\u00a0\u00bb0|50|50|100|20\u00b0|0|-20\u00b0\u00a0\u00bb hover_enabled=\u00a0\u00bb0&Prime; locked=\u00a0\u00bboff\u00a0\u00bb global_colors_info=\u00a0\u00bb{}\u00a0\u00bb sticky_enabled=\u00a0\u00bb0&Prime;][\/et_pb_image][et_pb_text _builder_version=\u00a0\u00bb4.27.0&Prime; _module_preset=\u00a0\u00bbdefault\u00a0\u00bb text_font=\u00a0\u00bb||||||||\u00a0\u00bb text_orientation=\u00a0\u00bbcenter\u00a0\u00bb header_font_size_tablet=\u00a0\u00bb\u00a0\u00bb header_font_size_phone=\u00a0\u00bb35px\u00a0\u00bb header_font_size_last_edited=\u00a0\u00bbon|phone\u00a0\u00bb header_line_height_tablet=\u00a0\u00bb1.3em\u00a0\u00bb header_line_height_phone=\u00a0\u00bb1.3em\u00a0\u00bb header_line_height_last_edited=\u00a0\u00bbon|phone\u00a0\u00bb global_colors_info=\u00a0\u00bb{}\u00a0\u00bb]<\/p>\n<h1>Prestataires par r\u00e9gions<\/h1>\n<p>[\/et_pb_text][et_pb_text _builder_version=\u00a0\u00bb4.27.2&Prime; _module_preset=\u00a0\u00bbdefault\u00a0\u00bb text_font=\u00a0\u00bb||||||||\u00a0\u00bb text_orientation=\u00a0\u00bbcenter\u00a0\u00bb global_colors_info=\u00a0\u00bb{}\u00a0\u00bb]<\/p>\n<p>Retrouvez ici les prestataires sp\u00e9cialis\u00e9s dans l&rsquo;organisation, costumes &amp; d\u00e9cors f\u00e9\u00e9riques, et qui vous aideront \u00e0 pr\u00e9parer votre \u00e9v\u00e9nement (professionnel, anniversaire, bapt\u00eame, mariage, EVJF&#8230;).\u00a0<\/p>\n<p>Le travail de chacun est \u00e0 admirer dans les articles de ce blog.<\/p>\n<p>&nbsp;<\/p>\n<div class=\"google-auto-placed ap_container\"><\/div>\n<p>[\/et_pb_text][\/et_pb_column][\/et_pb_row][et_pb_row custom_padding_last_edited=\u00a0\u00bbon|phone\u00a0\u00bb _builder_version=\u00a0\u00bb4.27.0&Prime; _module_preset=\u00a0\u00bbdefault\u00a0\u00bb background_color=\u00a0\u00bb#FFFFFF\u00a0\u00bb custom_padding=\u00a0\u00bb69px|66px|69px|66px|true|true\u00a0\u00bb custom_padding_tablet=\u00a0\u00bb69px|66px|69px|66px|true|true\u00a0\u00bb custom_padding_phone=\u00a0\u00bb69px|25px|69px|25px|true|true\u00a0\u00bb animation_style=\u00a0\u00bbfade\u00a0\u00bb border_radii=\u00a0\u00bbon|70px|70px|70px|70px\u00a0\u00bb border_width_all=\u00a0\u00bb1px\u00a0\u00bb border_color_all=\u00a0\u00bb#BFC0E2&Prime; global_colors_info=\u00a0\u00bb{}\u00a0\u00bb][et_pb_column type=\u00a0\u00bb4_4&Prime; _builder_version=\u00a0\u00bb4.27.0&Prime; _module_preset=\u00a0\u00bbdefault\u00a0\u00bb global_colors_info=\u00a0\u00bb{}\u00a0\u00bb][et_pb_toggle title=\u00a0\u00bbOccitanie\u00a0\u00bb icon_color=\u00a0\u00bb#BFC0E2&Prime; open_icon_color=\u00a0\u00bb#BFC0E2&Prime; _builder_version=\u00a0\u00bb4.27.0&Prime; _module_preset=\u00a0\u00bbdefault\u00a0\u00bb title_text_color=\u00a0\u00bb#BFC0E2&Prime; title_font_size=\u00a0\u00bb26px\u00a0\u00bb background_color=\u00a0\u00bb#FAF8F6&Prime; border_radii=\u00a0\u00bbon|22px|22px|22px|22px\u00a0\u00bb border_color_all=\u00a0\u00bb#BFC0E2&Prime; global_colors_info=\u00a0\u00bb{}\u00a0\u00bb]<\/p>\n<p>\u00a0<strong>Wedding \/ Event planner<\/strong> <strong>\/<\/strong> <strong>Officiants<\/strong><\/p>\n<ul>\n<li>\u00a0Justine : <a href=\"https:\/\/madame-etincelle.fr\/\">Madame Etincelle<\/a>\u00a0<\/li>\n<li>Marie : <a href=\"https:\/\/lesromancesdemarie.com\/\">Les romances de Marie<\/a><\/li>\n<li>M\u00e9lanie : <a href=\"https:\/\/boumetc.fr\/\">Boum.etc<\/a><\/li>\n<li>Delphine : <a href=\"https:\/\/www.d-we.fr\/\">D-We<\/a><\/li>\n<\/ul>\n<p><strong>Wedding \/ Event designer<\/strong>\u00a0\u00a0<\/p>\n<ul>\n<li>Charlotte (fondatrice du blog) : <a href=\"https:\/\/cespetitsriens.fr\/\">Ces petits riens<\/a><\/li>\n<li>Naudy : <a href=\"https:\/\/www.instagram.com\/naudy.laviesimplement\/\">Naudy, la vie simplement<\/a><\/li>\n<li>Elorri : <a href=\"https:\/\/souriresdaubepine.com\/\">sourires d&rsquo;aup\u00e9bine<\/a><strong><\/strong><\/li>\n<\/ul>\n<p><strong>Fleuristes<\/strong><\/p>\n<ul>\n<li>Anne-Marie :\u00a0 <a href=\"https:\/\/afleuressences.fr\/\">Afleuressence<\/a><\/li>\n<li>\u00a0Marie-France : <a href=\"https:\/\/influencevegetale.fr\/\">Influence V\u00e9g\u00e9tale<\/a><\/li>\n<li>Lisa : <a href=\"https:\/\/www.duneparenthesealautre.fr\/\">D&rsquo;une parenth\u00e8se \u00e0 l&rsquo;autre<\/a><\/li>\n<li>Coralie : <a href=\"https:\/\/envoleevegetale.com\/\">Envol\u00e9e V\u00e9g\u00e9tale<\/a><\/li>\n<li>Laura : Muse Garden<\/li>\n<\/ul>\n<p><strong>Papeterie\u00a0<\/strong><\/p>\n<ul>\n<li>Elo\u00efse (graphiste du blog) : <a href=\"https:\/\/www.studiodouceur.com\/\">Studio douceur<\/a><strong><\/strong><\/li>\n<li>L\u00e9a : <a href=\"https:\/\/mirageofink.com\/\">Mirage of ink<\/a><\/li>\n<li>Julie : <a href=\"https:\/\/lennycravate.com\/\">Lenny Cravate<\/a><\/li>\n<\/ul>\n<p><strong>Robes<\/strong><\/p>\n<ul>\n<li>Cl\u00e9mentine : <a href=\"https:\/\/feeriescouture.fr\/\">F\u00e9\u00e9rie Couture<\/a><\/li>\n<li><a href=\"https:\/\/cymbeline.com\/\">Cymbeline<\/a><\/li>\n<li>Elodie : <a href=\"https:\/\/www.lesrosesdelouise.fr\/\">Les roses de Louise<\/a><\/li>\n<li>B\u00e9rang\u00e8re : <a href=\"https:\/\/www.berangere-a.com\/\">B\u00e9rang\u00e8re A.<\/a><\/li>\n<\/ul>\n<p><strong>Costumes<\/strong><\/p>\n<ul>\n<li>Emmanuelle : <a href=\"https:\/\/www.unjouruncostume.com\/\">Un jour un costume<\/a><strong><\/strong><\/li>\n<li><a href=\"https:\/\/www.bymonsieur.com\/\">By monsieur<\/a><\/li>\n<li><a href=\"https:\/\/toulouseboutiques.com\/ma-boutique\/c-pierre-style\/\">C&rsquo;Pierre Style\u00a0<\/a><\/li>\n<li>Nathalie : <a href=\"https:\/\/www.ohmyguy.fr\/\">Oh My Guy<\/a><\/li>\n<\/ul>\n<p><strong>Maquillage \/ Coiffure<\/strong><\/p>\n<ul>\n<li>Sara : <a href=\"https:\/\/www.instagram.com\/levy_creation\/\">Levy creation<\/a><\/li>\n<li>Justine : <a href=\"https:\/\/www.instagram.com\/justinbeauty82\/\">Justine Chamouard<\/a><\/li>\n<li>Lola : <a href=\"https:\/\/www.instagram.com\/lolant_makeuppro\/\">Lola Nt maquilleuse<\/a><\/li>\n<li>S\u00e9verine mt coiffure<\/li>\n<li>St\u00e9phanie : <a href=\"https:\/\/g.co\/kgs\/tqmAUuR\">Le cocon de Steph<\/a><\/li>\n<li>Amandine : <a href=\"https:\/\/www.instagram.com\/amandinebmakeup\/?hl=fr\">Amandine B hair &amp; makeup<\/a><\/li>\n<li>Thao : <a href=\"https:\/\/www.mariages.net\/esthetique-coiffure-mariage\/thao-makeup-&amp;-hair--e330216\">Thao makeup &amp; hair<\/a><\/li>\n<\/ul>\n<p><strong>Photographes<\/strong><\/p>\n<ul>\n<li>Sophie : <a href=\"https:\/\/sophiebachere.com\/\">Sophie Bach\u00e8re<\/a><strong><\/strong><\/li>\n<li>Christelle : <a href=\"https:\/\/christellelacour.fr\/\">Christelle Lacour<\/a><\/li>\n<li>Fanny : <a href=\"https:\/\/fannyrucher.com\/\">Fanny Rucher<\/a><strong><\/strong><\/li>\n<li>Emeline : <a href=\"https:\/\/www.emelinetardyphotographie.com\/\">Emeline Tardy Photographie<\/a><\/li>\n<li>Soufiane :<a href=\"https:\/\/soufianezaidi.com\"> Soufiane Zaidi<\/a><\/li>\n<\/ul>\n<p><strong>Vid\u00e9astes<\/strong><\/p>\n<ul>\n<li>S\u00e9bastien : <a href=\"https:\/\/www.instagram.com\/justrecord.pictures\/?locale=en_gb\">Just Record Pictures<\/a><strong><\/strong><\/li>\n<li>Julien : <a href=\"https:\/\/www.pixnjoy.fr\/\">Pix&rsquo;n Joy<\/a><strong><\/strong><\/li>\n<li>Tibo : <a href=\"https:\/\/piflette.com\/\">Piflette<\/a><\/li>\n<li>Marc : <a href=\"https:\/\/idiomaproduction.fr\/\">Idioma Production<\/a><\/li>\n<li>No\u00e9mie : <a href=\"https:\/\/www.instagram.com\/noemie_vion_mariage\/\">No\u00e9mie Vion vid\u00e9aste<\/a><\/li>\n<li><a href=\"https:\/\/www.hermengefilms.com\/contact\">Hermenge films<\/a><\/li>\n<\/ul>\n<p><strong>Vaisselle\u00a0<\/strong><\/p>\n<ul>\n<li><a href=\"https:\/\/www.options.fr\/\">Options<\/a><\/li>\n<li>Naudy : <a href=\"https:\/\/www.instagram.com\/naudy.laviesimplement\/\">Naudy, la vie simplement<\/a><\/li>\n<li><a href=\"https:\/\/www.evenementvotre.fr\">Evenement v\u00f4tre<\/a>\u00a0<\/li>\n<li>\n<div><\/div>\n<\/li>\n<\/ul>\n<p><strong>Desserts<\/strong><\/p>\n<ul>\n<li>Cyndie : <a href=\"https:\/\/www.aupaysdecyndie.fr\/\">Au pays de Cyndie<\/a><\/li>\n<li>Julie : <a href=\"https:\/\/www.instagram.com\/juliepatiss_31\/\">Julie Patiss 31<\/a><\/li>\n<li>Caty : <a href=\"https:\/\/www.catysweets.com\/\">Caty sweets<\/a><\/li>\n<li>\u00a0Julie : <a href=\"https:\/\/www.retineetpapilles.fr\/\">R\u00e9tine et papilles <\/a>\u00a0<\/li>\n<li><a href=\"https:\/\/www.marycherry.fr\">Mary Cherry<\/a><\/li>\n<\/ul>\n<p><strong>Bijoux &amp; Accessoires<\/strong><\/p>\n<ul>\n<li><a href=\"https:\/\/www.j-mohedano.com\/\">Bijouterie Mohedano<\/a>\u00a0<\/li>\n<li><a href=\"https:\/\/www.gabriel-joaillier.com\/\">Maison Gabriel Joaillier<\/a><\/li>\n<li>Accessoires, Andy : <a href=\"https:\/\/www.instagram.com\/ndy_brand\/?hl=fr\">Ndy Brand<\/a><\/li>\n<li>Macram\u00e9, Nathalie : <a href=\"https:\/\/www.instagram.com\/gipsybynath\/\">Gipsy By Nath<\/a><\/li>\n<\/ul>\n<p><strong>Cadeaux invit\u00e9s<\/strong><\/p>\n<ul>\n<li>Bougies parfum\u00e9es : <a href=\"https:\/\/www.etsy.com\/fr\/shop\/Archifeels\">Archifeels<\/a><\/li>\n<li>Objets singuliers : <a href=\"https:\/\/pomy-boutique.fr\/\">Pomy<\/a><strong><\/strong><\/li>\n<\/ul>\n<p><strong><\/strong><\/p>\n<p>[\/et_pb_toggle][et_pb_toggle title=\u00a0\u00bbBourgogne-Franche-Comt\u00e9\u00a0\u00bb icon_color=\u00a0\u00bb#BFC0E2&Prime; open_icon_color=\u00a0\u00bb#BFC0E2&Prime; _builder_version=\u00a0\u00bb4.27.0&Prime; _module_preset=\u00a0\u00bbdefault\u00a0\u00bb title_text_color=\u00a0\u00bb#BFC0E2&Prime; title_font_size=\u00a0\u00bb26px\u00a0\u00bb background_color=\u00a0\u00bb#FAF8F6&Prime; border_radii=\u00a0\u00bbon|22px|22px|22px|22px\u00a0\u00bb border_color_all=\u00a0\u00bb#BFC0E2&Prime; global_colors_info=\u00a0\u00bb{}\u00a0\u00bb]<\/p>\n<p>Wedding planner :<\/p>\n<p>Wedding planner :<\/p>\n<p>Wedding designer :<\/p>\n<p>Fleuriste :<\/p>\n<p>Papeterie :<\/p>\n<p>[\/et_pb_toggle][et_pb_toggle title=\u00a0\u00bbAuvergne-Rh\u00f4ne-Alpes\u00a0\u00bb icon_color=\u00a0\u00bb#BFC0E2&Prime; open_icon_color=\u00a0\u00bb#BFC0E2&Prime; _builder_version=\u00a0\u00bb4.27.0&Prime; _module_preset=\u00a0\u00bbdefault\u00a0\u00bb title_text_color=\u00a0\u00bb#BFC0E2&Prime; title_font_size=\u00a0\u00bb26px\u00a0\u00bb background_color=\u00a0\u00bb#FAF8F6&Prime; border_radii=\u00a0\u00bbon|22px|22px|22px|22px\u00a0\u00bb border_color_all=\u00a0\u00bb#BFC0E2&Prime; global_colors_info=\u00a0\u00bb{}\u00a0\u00bb]<\/p>\n<p>Wedding planner :<\/p>\n<p>Wedding planner :<\/p>\n<p>Wedding designer :<\/p>\n<p>Fleuriste :<\/p>\n<p>Papeterie :<\/p>\n<p>[\/et_pb_toggle][et_pb_toggle title=\u00a0\u00bbBretagne\u00a0\u00bb icon_color=\u00a0\u00bb#BFC0E2&Prime; open_icon_color=\u00a0\u00bb#BFC0E2&Prime; _builder_version=\u00a0\u00bb4.27.0&Prime; _module_preset=\u00a0\u00bbdefault\u00a0\u00bb title_text_color=\u00a0\u00bb#BFC0E2&Prime; title_font_size=\u00a0\u00bb26px\u00a0\u00bb background_color=\u00a0\u00bb#FAF8F6&Prime; border_radii=\u00a0\u00bbon|22px|22px|22px|22px\u00a0\u00bb border_color_all=\u00a0\u00bb#BFC0E2&Prime; global_colors_info=\u00a0\u00bb{}\u00a0\u00bb]<\/p>\n<p>Wedding planner :<\/p>\n<p>Wedding planner :<\/p>\n<p>Wedding designer :<\/p>\n<p>Fleuriste :<\/p>\n<p>Papeterie :<\/p>\n<p>[\/et_pb_toggle][et_pb_toggle title=\u00a0\u00bbCentre-Val de Loire\u00a0\u00bb icon_color=\u00a0\u00bb#BFC0E2&Prime; open_icon_color=\u00a0\u00bb#BFC0E2&Prime; _builder_version=\u00a0\u00bb4.27.0&Prime; _module_preset=\u00a0\u00bbdefault\u00a0\u00bb title_text_color=\u00a0\u00bb#BFC0E2&Prime; title_font_size=\u00a0\u00bb26px\u00a0\u00bb background_color=\u00a0\u00bb#FAF8F6&Prime; border_radii=\u00a0\u00bbon|22px|22px|22px|22px\u00a0\u00bb border_color_all=\u00a0\u00bb#BFC0E2&Prime; global_colors_info=\u00a0\u00bb{}\u00a0\u00bb]<\/p>\n<p>Wedding planner :<\/p>\n<p>Wedding planner :<\/p>\n<p>Wedding designer :<\/p>\n<p>Fleuriste :<\/p>\n<p>Papeterie :<\/p>\n<p>[\/et_pb_toggle][et_pb_toggle title=\u00a0\u00bbCorse\u00a0\u00bb icon_color=\u00a0\u00bb#BFC0E2&Prime; open_icon_color=\u00a0\u00bb#BFC0E2&Prime; _builder_version=\u00a0\u00bb4.27.0&Prime; _module_preset=\u00a0\u00bbdefault\u00a0\u00bb title_text_color=\u00a0\u00bb#BFC0E2&Prime; title_font_size=\u00a0\u00bb26px\u00a0\u00bb background_color=\u00a0\u00bb#FAF8F6&Prime; border_radii=\u00a0\u00bbon|22px|22px|22px|22px\u00a0\u00bb border_color_all=\u00a0\u00bb#BFC0E2&Prime; global_colors_info=\u00a0\u00bb{}\u00a0\u00bb]<\/p>\n<p>Wedding planner :<\/p>\n<p>Wedding planner :<\/p>\n<p>Wedding designer :<\/p>\n<p>Fleuriste :<\/p>\n<p>Papeterie :<\/p>\n<p>[\/et_pb_toggle][et_pb_toggle title=\u00a0\u00bbGrand Est\u00a0\u00bb icon_color=\u00a0\u00bb#BFC0E2&Prime; open_icon_color=\u00a0\u00bb#BFC0E2&Prime; _builder_version=\u00a0\u00bb4.27.0&Prime; _module_preset=\u00a0\u00bbdefault\u00a0\u00bb title_text_color=\u00a0\u00bb#BFC0E2&Prime; title_font_size=\u00a0\u00bb26px\u00a0\u00bb background_color=\u00a0\u00bb#FAF8F6&Prime; border_radii=\u00a0\u00bbon|22px|22px|22px|22px\u00a0\u00bb border_color_all=\u00a0\u00bb#BFC0E2&Prime; global_colors_info=\u00a0\u00bb{}\u00a0\u00bb]<\/p>\n<p>Wedding planner :<\/p>\n<p>Wedding planner :<\/p>\n<p>Wedding designer :<\/p>\n<p>Fleuriste :<\/p>\n<p>Papeterie :<\/p>\n<p>[\/et_pb_toggle][et_pb_toggle title=\u00a0\u00bbGuadeloupe\u00a0\u00bb icon_color=\u00a0\u00bb#BFC0E2&Prime; open_icon_color=\u00a0\u00bb#BFC0E2&Prime; _builder_version=\u00a0\u00bb4.27.0&Prime; _module_preset=\u00a0\u00bbdefault\u00a0\u00bb title_text_color=\u00a0\u00bb#BFC0E2&Prime; title_font_size=\u00a0\u00bb26px\u00a0\u00bb background_color=\u00a0\u00bb#FAF8F6&Prime; border_radii=\u00a0\u00bbon|22px|22px|22px|22px\u00a0\u00bb border_color_all=\u00a0\u00bb#BFC0E2&Prime; global_colors_info=\u00a0\u00bb{}\u00a0\u00bb]<\/p>\n<p>Wedding planner :<\/p>\n<p>Wedding planner :<\/p>\n<p>Wedding designer :<\/p>\n<p>Fleuriste :<\/p>\n<p>Papeterie :<\/p>\n<p>[\/et_pb_toggle][et_pb_toggle title=\u00a0\u00bbGuyane\u00a0\u00bb icon_color=\u00a0\u00bb#BFC0E2&Prime; open_icon_color=\u00a0\u00bb#BFC0E2&Prime; _builder_version=\u00a0\u00bb4.27.0&Prime; _module_preset=\u00a0\u00bbdefault\u00a0\u00bb title_text_color=\u00a0\u00bb#BFC0E2&Prime; title_font_size=\u00a0\u00bb26px\u00a0\u00bb background_color=\u00a0\u00bb#FAF8F6&Prime; border_radii=\u00a0\u00bbon|22px|22px|22px|22px\u00a0\u00bb border_color_all=\u00a0\u00bb#BFC0E2&Prime; global_colors_info=\u00a0\u00bb{}\u00a0\u00bb]<\/p>\n<p>Wedding planner :<\/p>\n<p>Wedding planner :<\/p>\n<p>Wedding designer :<\/p>\n<p>Fleuriste :<\/p>\n<p>Papeterie :<\/p>\n<p>[\/et_pb_toggle][et_pb_toggle title=\u00a0\u00bbHauts-de-France\u00a0\u00bb icon_color=\u00a0\u00bb#BFC0E2&Prime; open_icon_color=\u00a0\u00bb#BFC0E2&Prime; _builder_version=\u00a0\u00bb4.27.0&Prime; _module_preset=\u00a0\u00bbdefault\u00a0\u00bb title_text_color=\u00a0\u00bb#BFC0E2&Prime; title_font_size=\u00a0\u00bb26px\u00a0\u00bb background_color=\u00a0\u00bb#FAF8F6&Prime; border_radii=\u00a0\u00bbon|22px|22px|22px|22px\u00a0\u00bb border_color_all=\u00a0\u00bb#BFC0E2&Prime; global_colors_info=\u00a0\u00bb{}\u00a0\u00bb]<\/p>\n<p>Wedding planner :<\/p>\n<p>Wedding planner :<\/p>\n<p>Wedding designer :<\/p>\n<p>Fleuriste :<\/p>\n<p>Papeterie :<\/p>\n<p>[\/et_pb_toggle][et_pb_toggle title=\u00a0\u00bb\u00cele-de-France\u00a0\u00bb icon_color=\u00a0\u00bb#BFC0E2&Prime; open_icon_color=\u00a0\u00bb#BFC0E2&Prime; _builder_version=\u00a0\u00bb4.27.0&Prime; _module_preset=\u00a0\u00bbdefault\u00a0\u00bb title_text_color=\u00a0\u00bb#BFC0E2&Prime; title_font_size=\u00a0\u00bb26px\u00a0\u00bb background_color=\u00a0\u00bb#FAF8F6&Prime; border_radii=\u00a0\u00bbon|22px|22px|22px|22px\u00a0\u00bb border_color_all=\u00a0\u00bb#BFC0E2&Prime; global_colors_info=\u00a0\u00bb{}\u00a0\u00bb]<\/p>\n<p>Wedding planner :<\/p>\n<p>Wedding planner :<\/p>\n<p>Wedding designer :<\/p>\n<p>Fleuriste :<\/p>\n<p>Papeterie :<\/p>\n<p>[\/et_pb_toggle][et_pb_toggle title=\u00a0\u00bbLa R\u00e9union\u00a0\u00bb icon_color=\u00a0\u00bb#BFC0E2&Prime; open_icon_color=\u00a0\u00bb#BFC0E2&Prime; _builder_version=\u00a0\u00bb4.27.0&Prime; _module_preset=\u00a0\u00bbdefault\u00a0\u00bb title_text_color=\u00a0\u00bb#BFC0E2&Prime; title_font_size=\u00a0\u00bb26px\u00a0\u00bb background_color=\u00a0\u00bb#FAF8F6&Prime; border_radii=\u00a0\u00bbon|22px|22px|22px|22px\u00a0\u00bb border_color_all=\u00a0\u00bb#BFC0E2&Prime; global_colors_info=\u00a0\u00bb{}\u00a0\u00bb]<\/p>\n<p>Wedding planner :<\/p>\n<p>Wedding planner :<\/p>\n<p>Wedding designer :<\/p>\n<p>Fleuriste :<\/p>\n<p>Papeterie :<\/p>\n<p>[\/et_pb_toggle][et_pb_toggle title=\u00a0\u00bbMartinique\u00a0\u00bb icon_color=\u00a0\u00bb#BFC0E2&Prime; open_icon_color=\u00a0\u00bb#BFC0E2&Prime; _builder_version=\u00a0\u00bb4.27.0&Prime; _module_preset=\u00a0\u00bbdefault\u00a0\u00bb title_text_color=\u00a0\u00bb#BFC0E2&Prime; title_font_size=\u00a0\u00bb26px\u00a0\u00bb background_color=\u00a0\u00bb#FAF8F6&Prime; border_radii=\u00a0\u00bbon|22px|22px|22px|22px\u00a0\u00bb border_color_all=\u00a0\u00bb#BFC0E2&Prime; global_colors_info=\u00a0\u00bb{}\u00a0\u00bb]<\/p>\n<p>Wedding planner :<\/p>\n<p>Wedding planner :<\/p>\n<p>Wedding designer :<\/p>\n<p>Fleuriste :<\/p>\n<p>Papeterie :<\/p>\n<p>[\/et_pb_toggle][et_pb_toggle title=\u00a0\u00bbMayotte\u00a0\u00bb icon_color=\u00a0\u00bb#BFC0E2&Prime; open_icon_color=\u00a0\u00bb#BFC0E2&Prime; _builder_version=\u00a0\u00bb4.27.0&Prime; _module_preset=\u00a0\u00bbdefault\u00a0\u00bb title_text_color=\u00a0\u00bb#BFC0E2&Prime; title_font_size=\u00a0\u00bb26px\u00a0\u00bb background_color=\u00a0\u00bb#FAF8F6&Prime; border_radii=\u00a0\u00bbon|22px|22px|22px|22px\u00a0\u00bb border_color_all=\u00a0\u00bb#BFC0E2&Prime; global_colors_info=\u00a0\u00bb{}\u00a0\u00bb]<\/p>\n<p>Wedding planner :<\/p>\n<p>Wedding planner :<\/p>\n<p>Wedding designer :<\/p>\n<p>Fleuriste :<\/p>\n<p>Papeterie :<\/p>\n<p>[\/et_pb_toggle][et_pb_toggle title=\u00a0\u00bbNormandie\u00a0\u00bb icon_color=\u00a0\u00bb#BFC0E2&Prime; open_icon_color=\u00a0\u00bb#BFC0E2&Prime; _builder_version=\u00a0\u00bb4.27.0&Prime; _module_preset=\u00a0\u00bbdefault\u00a0\u00bb title_text_color=\u00a0\u00bb#BFC0E2&Prime; title_font_size=\u00a0\u00bb26px\u00a0\u00bb background_color=\u00a0\u00bb#FAF8F6&Prime; border_radii=\u00a0\u00bbon|22px|22px|22px|22px\u00a0\u00bb border_color_all=\u00a0\u00bb#BFC0E2&Prime; global_colors_info=\u00a0\u00bb{}\u00a0\u00bb]<\/p>\n<p>Wedding planner :<\/p>\n<p>Wedding planner :<\/p>\n<p>Wedding designer :<\/p>\n<p>Fleuriste :<\/p>\n<p>Papeterie :<\/p>\n<p>[\/et_pb_toggle][et_pb_toggle title=\u00a0\u00bbNouvelle-Aquitaine\u00a0\u00bb icon_color=\u00a0\u00bb#BFC0E2&Prime; open_icon_color=\u00a0\u00bb#BFC0E2&Prime; _builder_version=\u00a0\u00bb4.27.0&Prime; _module_preset=\u00a0\u00bbdefault\u00a0\u00bb title_text_color=\u00a0\u00bb#BFC0E2&Prime; title_font_size=\u00a0\u00bb26px\u00a0\u00bb background_color=\u00a0\u00bb#FAF8F6&Prime; border_radii=\u00a0\u00bbon|22px|22px|22px|22px\u00a0\u00bb border_color_all=\u00a0\u00bb#BFC0E2&Prime; global_colors_info=\u00a0\u00bb{}\u00a0\u00bb]<\/p>\n<p><strong>Costume\u00a0<\/strong><\/p>\n<ul>\n<li>St\u00e9phane : <a href=\"https:\/\/hommedutemps.fr\/\">Homme du temps<\/a><\/li>\n<\/ul>\n<p><strong><\/strong><\/p>\n<p>&nbsp;<\/p>\n<p>[\/et_pb_toggle][et_pb_toggle title=\u00a0\u00bbPays de la Loire\u00a0\u00bb icon_color=\u00a0\u00bb#BFC0E2&Prime; open_icon_color=\u00a0\u00bb#BFC0E2&Prime; _builder_version=\u00a0\u00bb4.27.0&Prime; _module_preset=\u00a0\u00bbdefault\u00a0\u00bb title_text_color=\u00a0\u00bb#BFC0E2&Prime; title_font_size=\u00a0\u00bb26px\u00a0\u00bb background_color=\u00a0\u00bb#FAF8F6&Prime; border_radii=\u00a0\u00bbon|22px|22px|22px|22px\u00a0\u00bb border_color_all=\u00a0\u00bb#BFC0E2&Prime; global_colors_info=\u00a0\u00bb{}\u00a0\u00bb]<\/p>\n<p>Wedding planner :<\/p>\n<p>Wedding planner :<\/p>\n<p>Wedding designer :<\/p>\n<p>Fleuriste :<\/p>\n<p>Papeterie :<\/p>\n<p>[\/et_pb_toggle][et_pb_toggle title=\u00a0\u00bbProvence-Alpes-C\u00f4te d&rsquo;Azur\u00a0\u00bb icon_color=\u00a0\u00bb#BFC0E2&Prime; open_icon_color=\u00a0\u00bb#BFC0E2&Prime; _builder_version=\u00a0\u00bb4.27.0&Prime; _module_preset=\u00a0\u00bbdefault\u00a0\u00bb title_text_color=\u00a0\u00bb#BFC0E2&Prime; title_font_size=\u00a0\u00bb26px\u00a0\u00bb background_color=\u00a0\u00bb#FAF8F6&Prime; border_radii=\u00a0\u00bbon|22px|22px|22px|22px\u00a0\u00bb border_color_all=\u00a0\u00bb#BFC0E2&Prime; global_colors_info=\u00a0\u00bb{}\u00a0\u00bb]<\/p>\n<p>Wedding planner :<\/p>\n<p>Wedding planner :<\/p>\n<p>Wedding designer :<\/p>\n<p>Fleuriste :<\/p>\n<p>Papeterie :<\/p>\n<p>[\/et_pb_toggle][\/et_pb_column][\/et_pb_row][et_pb_row _builder_version=\u00a0\u00bb4.27.0&Prime; _module_preset=\u00a0\u00bbdefault\u00a0\u00bb animation_style=\u00a0\u00bbfade\u00a0\u00bb global_colors_info=\u00a0\u00bb{}\u00a0\u00bb][et_pb_column type=\u00a0\u00bb4_4&Prime; _builder_version=\u00a0\u00bb4.27.0&Prime; _module_preset=\u00a0\u00bbdefault\u00a0\u00bb global_colors_info=\u00a0\u00bb{}\u00a0\u00bb][et_pb_button button_url=\u00a0\u00bb@ET-DC@eyJkeW5hbWljIjp0cnVlLCJjb250ZW50IjoicG9zdF9saW5rX3VybF9wYWdlIiwic2V0dGluZ3MiOnsicG9zdF9pZCI6IjYxODMifX0=@\u00a0\u00bb button_text=\u00a0\u00bbRetour \u00e0 l&rsquo;accueil !\u00a0\u00bb button_alignment=\u00a0\u00bbcenter\u00a0\u00bb _builder_version=\u00a0\u00bb4.27.0&Prime; _dynamic_attributes=\u00a0\u00bbbutton_url\u00a0\u00bb _module_preset=\u00a0\u00bbdefault\u00a0\u00bb custom_button=\u00a0\u00bbon\u00a0\u00bb button_bg_color=\u00a0\u00bb#FFFFFF\u00a0\u00bb button_use_icon=\u00a0\u00bboff\u00a0\u00bb custom_margin=\u00a0\u00bb50px||||false|false\u00a0\u00bb global_colors_info=\u00a0\u00bb{}\u00a0\u00bb button_bg_color__hover_enabled=\u00a0\u00bbon|hover\u00a0\u00bb button_bg_color__hover=\u00a0\u00bb#BFC0E2&Prime; button_bg_enable_color__hover=\u00a0\u00bbon\u00a0\u00bb button_text_color__hover_enabled=\u00a0\u00bbon|desktop\u00a0\u00bb button_text_color__hover=\u00a0\u00bb#FFFFFF\u00a0\u00bb button_border_width__hover_enabled=\u00a0\u00bbon|hover\u00a0\u00bb button_border_color__hover_enabled=\u00a0\u00bbon|hover\u00a0\u00bb button_border_color__hover=\u00a0\u00bb#BFC0E2&Prime;][\/et_pb_button][et_pb_button button_url=\u00a0\u00bb@ET-DC@eyJkeW5hbWljIjp0cnVlLCJjb250ZW50IjoicG9zdF9saW5rX3VybF9wYWdlIiwic2V0dGluZ3MiOnsicG9zdF9pZCI6IjYzNjQifX0=@\u00a0\u00bb button_text=\u00a0\u00bbContactez-nous maintenant !\u00a0\u00bb button_alignment=\u00a0\u00bbcenter\u00a0\u00bb _builder_version=\u00a0\u00bb4.27.0&Prime; _dynamic_attributes=\u00a0\u00bbbutton_url\u00a0\u00bb _module_preset=\u00a0\u00bbdefault\u00a0\u00bb custom_button=\u00a0\u00bbon\u00a0\u00bb button_bg_color=\u00a0\u00bb#FFFFFF\u00a0\u00bb button_use_icon=\u00a0\u00bboff\u00a0\u00bb custom_margin=\u00a0\u00bb-17px||||false|false\u00a0\u00bb global_colors_info=\u00a0\u00bb{}\u00a0\u00bb button_bg_color__hover_enabled=\u00a0\u00bbon|hover\u00a0\u00bb button_bg_color__hover=\u00a0\u00bb#BFC0E2&Prime; button_bg_enable_color__hover=\u00a0\u00bbon\u00a0\u00bb button_text_color__hover_enabled=\u00a0\u00bbon|desktop\u00a0\u00bb button_text_color__hover=\u00a0\u00bb#FFFFFF\u00a0\u00bb button_border_width__hover_enabled=\u00a0\u00bbon|hover\u00a0\u00bb button_border_color__hover_enabled=\u00a0\u00bbon|hover\u00a0\u00bb button_border_color__hover=\u00a0\u00bb#BFC0E2&Prime;][\/et_pb_button][\/et_pb_column][\/et_pb_row][\/et_pb_section]<\/p>\n","protected":false},"excerpt":{"rendered":"<p>Prestataires par r\u00e9gionsRetrouvez ici les prestataires sp\u00e9cialis\u00e9s dans l&rsquo;organisation, costumes &amp; d\u00e9cors f\u00e9\u00e9riques, et qui vous aideront \u00e0 pr\u00e9parer votre \u00e9v\u00e9nement (professionnel, anniversaire, bapt\u00eame, mariage, EVJF&#8230;).\u00a0 Le travail de chacun est \u00e0 admirer dans les articles de ce blog. &nbsp; \u00a0Wedding \/ Event planner \/ Officiants \u00a0Justine : Madame Etincelle\u00a0 Marie : Les romances de [&hellip;]<\/p>\n","protected":false},"author":1,"featured_media":0,"parent":0,"menu_order":0,"comment_status":"closed","ping_status":"closed","template":"","meta":{"_et_pb_use_builder":"on","_et_pb_old_content":"","_et_gb_content_width":"","footnotes":""},"class_list":["post-6579","page","type-page","status-publish","hentry"],"_links":{"self":[{"href":"https:\/\/cespetitsreves.fr\/index.php?rest_route=\/wp\/v2\/pages\/6579","targetHints":{"allow":["GET"]}}],"collection":[{"href":"https:\/\/cespetitsreves.fr\/index.php?rest_route=\/wp\/v2\/pages"}],"about":[{"href":"https:\/\/cespetitsreves.fr\/index.php?rest_route=\/wp\/v2\/types\/page"}],"author":[{"embeddable":true,"href":"https:\/\/cespetitsreves.fr\/index.php?rest_route=\/wp\/v2\/users\/1"}],"replies":[{"embeddable":true,"href":"https:\/\/cespetitsreves.fr\/index.php?rest_route=%2Fwp%2Fv2%2Fcomments&post=6579"}],"version-history":[{"count":8,"href":"https:\/\/cespetitsreves.fr\/index.php?rest_route=\/wp\/v2\/pages\/6579\/revisions"}],"predecessor-version":[{"id":6882,"href":"https:\/\/cespetitsreves.fr\/index.php?rest_route=\/wp\/v2\/pages\/6579\/revisions\/6882"}],"wp:attachment":[{"href":"https:\/\/cespetitsreves.fr\/index.php?rest_route=%2Fwp%2Fv2%2Fmedia&parent=6579"}],"curies":[{"name":"wp","href":"https:\/\/api.w.org\/{rel}","templated":true}]}}