{"id":6373,"date":"2024-08-08T09:18:49","date_gmt":"2024-08-08T09:18:49","guid":{"rendered":"https:\/\/cespetitsreves.fr\/?page_id=6373"},"modified":"2024-12-03T08:04:40","modified_gmt":"2024-12-03T08:04:40","slug":"a-propos","status":"publish","type":"page","link":"https:\/\/cespetitsreves.fr\/?page_id=6373","title":{"rendered":"A propos"},"content":{"rendered":"<p>[et_pb_section fb_built=\u00a0\u00bb1&Prime; _builder_version=\u00a0\u00bb4.27.0&Prime; _module_preset=\u00a0\u00bbdefault\u00a0\u00bb background_image=\u00a0\u00bbhttp:\/\/cespetitsreves.fr\/wp-content\/uploads\/2024\/08\/INSPIRATION-MARIAGE-EMPIRE-FEERIES-COUTURE-CHATEAU-PUYDANIEL-AUDE-OCCITANIE-PHOTOGRAPHE-INTIMISTE-SOPHIE-BACHERE-HD-60.j-00060-scaled.jpg\u00a0\u00bb parallax=\u00a0\u00bbon\u00a0\u00bb parallax_method=\u00a0\u00bboff\u00a0\u00bb custom_padding=\u00a0\u00bb241px||241px||true|false\u00a0\u00bb bottom_divider_style=\u00a0\u00bbarrow\u00a0\u00bb bottom_divider_color=\u00a0\u00bb#FAF8F6&Prime; locked=\u00a0\u00bboff\u00a0\u00bb global_colors_info=\u00a0\u00bb{}\u00a0\u00bb][et_pb_row _builder_version=\u00a0\u00bb4.27.0&Prime; _module_preset=\u00a0\u00bbdefault\u00a0\u00bb global_colors_info=\u00a0\u00bb{}\u00a0\u00bb][et_pb_column type=\u00a0\u00bb4_4&Prime; _builder_version=\u00a0\u00bb4.27.0&Prime; _module_preset=\u00a0\u00bbdefault\u00a0\u00bb global_colors_info=\u00a0\u00bb{}\u00a0\u00bb][et_pb_text _builder_version=\u00a0\u00bb4.27.2&Prime; _module_preset=\u00a0\u00bbdefault\u00a0\u00bb global_colors_info=\u00a0\u00bb{}\u00a0\u00bb][\/et_pb_text][\/et_pb_column][\/et_pb_row][\/et_pb_section][et_pb_section fb_built=\u00a0\u00bb1&Prime; custom_padding_last_edited=\u00a0\u00bbon|phone\u00a0\u00bb _builder_version=\u00a0\u00bb4.27.2&Prime; _module_preset=\u00a0\u00bbdefault\u00a0\u00bb background_color=\u00a0\u00bb#faf8f6&Prime; min_height=\u00a0\u00bb810.6px\u00a0\u00bb custom_margin=\u00a0\u00bb||-270px|||\u00a0\u00bb custom_padding=\u00a0\u00bb0px||0px|||\u00a0\u00bb custom_padding_tablet=\u00a0\u00bb93px||97px|||\u00a0\u00bb custom_padding_phone=\u00a0\u00bb93px||15px||false|false\u00a0\u00bb locked=\u00a0\u00bboff\u00a0\u00bb global_colors_info=\u00a0\u00bb{}\u00a0\u00bb][et_pb_row _builder_version=\u00a0\u00bb4.27.0&Prime; _module_preset=\u00a0\u00bbdefault\u00a0\u00bb animation_style=\u00a0\u00bbfade\u00a0\u00bb global_colors_info=\u00a0\u00bb{}\u00a0\u00bb][et_pb_column type=\u00a0\u00bb4_4&Prime; _builder_version=\u00a0\u00bb4.27.0&Prime; _module_preset=\u00a0\u00bbdefault\u00a0\u00bb global_colors_info=\u00a0\u00bb{}\u00a0\u00bb][et_pb_image src=\u00a0\u00bbhttp:\/\/cespetitsreves.fr\/wp-content\/uploads\/2024\/10\/animiertes-gif-von-online-umwandeln-de-1.gif\u00a0\u00bb title_text=\u00a0\u00bbanimiertes-gif-von-online-umwandeln-de\u00a0\u00bb align=\u00a0\u00bbcenter\u00a0\u00bb _builder_version=\u00a0\u00bb4.27.2&Prime; _module_preset=\u00a0\u00bbdefault\u00a0\u00bb width=\u00a0\u00bb11%\u00a0\u00bb width_tablet=\u00a0\u00bb30%\u00a0\u00bb width_phone=\u00a0\u00bb21%\u00a0\u00bb width_last_edited=\u00a0\u00bbon|phone\u00a0\u00bb locked=\u00a0\u00bboff\u00a0\u00bb global_colors_info=\u00a0\u00bb{}\u00a0\u00bb][\/et_pb_image][et_pb_text _builder_version=\u00a0\u00bb4.27.2&Prime; _module_preset=\u00a0\u00bbdefault\u00a0\u00bb text_font=\u00a0\u00bb||||||||\u00a0\u00bb header_text_color=\u00a0\u00bb#E1ADAB\u00a0\u00bb text_orientation=\u00a0\u00bbcenter\u00a0\u00bb header_font_size_tablet=\u00a0\u00bb\u00a0\u00bb header_font_size_phone=\u00a0\u00bb35px\u00a0\u00bb header_font_size_last_edited=\u00a0\u00bbon|phone\u00a0\u00bb header_line_height_tablet=\u00a0\u00bb1.3em\u00a0\u00bb header_line_height_phone=\u00a0\u00bb1.3em\u00a0\u00bb header_line_height_last_edited=\u00a0\u00bbon|phone\u00a0\u00bb global_colors_info=\u00a0\u00bb{}\u00a0\u00bb]<\/p>\n<h1>Fais de ta vie un r\u00eave&#8230;<\/h1>\n<p>[\/et_pb_text][et_pb_text _builder_version=\u00a0\u00bb4.27.0&Prime; _module_preset=\u00a0\u00bbdefault\u00a0\u00bb text_font=\u00a0\u00bb||||||||\u00a0\u00bb text_orientation=\u00a0\u00bbcenter\u00a0\u00bb custom_margin=\u00a0\u00bb||-34px|||\u00a0\u00bb global_colors_info=\u00a0\u00bb{}\u00a0\u00bb]<\/p>\n<p>Bienvenue !<\/p>\n<p>Ce blog a pour vocation de se faire plaisir avec des \u00e9v\u00e9nements ayant pour th\u00e8mes des histoires que nous connaissons tous, qui ont marqu\u00e9 notre jeunesse, qui nous ont \u00e9mus.<\/p>\n<p>Ici, sont publi\u00e9es vos plus belles f\u00eates, sur les th\u00e8mes des contes de f\u00e9es, films cultes ou romans qui nous font r\u00eaver.\u00a0<\/p>\n<p>Si vous aimeriez publier vos photos d&rsquo;inspirations ou d&rsquo;\u00e9v\u00e9nements, n&rsquo;h\u00e9sitez pas \u00e0 nous en parler en remplissant le formulaire de contact.<\/p>\n<div class=\"google-auto-placed ap_container\"><\/div>\n<p>[\/et_pb_text][\/et_pb_column][\/et_pb_row][\/et_pb_section][et_pb_section fb_built=\u00a0\u00bb1&Prime; custom_padding_last_edited=\u00a0\u00bbon|phone\u00a0\u00bb _builder_version=\u00a0\u00bb4.27.0&Prime; _module_preset=\u00a0\u00bbdefault\u00a0\u00bb min_height=\u00a0\u00bb730.8px\u00a0\u00bb custom_margin=\u00a0\u00bb-61px||-40px|||\u00a0\u00bb custom_padding=\u00a0\u00bb0px||82px|||\u00a0\u00bb custom_padding_tablet=\u00a0\u00bb30px||82px|||\u00a0\u00bb custom_padding_phone=\u00a0\u00bb0px||54px||false|false\u00a0\u00bb global_colors_info=\u00a0\u00bb{}\u00a0\u00bb][et_pb_row column_structure=\u00a0\u00bb3_5,2_5&Prime; _builder_version=\u00a0\u00bb4.27.0&Prime; _module_preset=\u00a0\u00bbdefault\u00a0\u00bb min_height=\u00a0\u00bb689.8px\u00a0\u00bb custom_margin=\u00a0\u00bb63px|auto|-9px|auto|false|false\u00a0\u00bb animation_style=\u00a0\u00bbfade\u00a0\u00bb locked=\u00a0\u00bboff\u00a0\u00bb global_colors_info=\u00a0\u00bb{}\u00a0\u00bb][et_pb_column type=\u00a0\u00bb3_5&Prime; _builder_version=\u00a0\u00bb4.27.0&Prime; _module_preset=\u00a0\u00bbdefault\u00a0\u00bb global_colors_info=\u00a0\u00bb{}\u00a0\u00bb][et_pb_text _builder_version=\u00a0\u00bb4.27.2&Prime; _module_preset=\u00a0\u00bbdefault\u00a0\u00bb header_text_color=\u00a0\u00bb#E1ADAB\u00a0\u00bb text_orientation=\u00a0\u00bbcenter\u00a0\u00bb custom_margin=\u00a0\u00bb45px||||false|false\u00a0\u00bb custom_margin_tablet=\u00a0\u00bb45px||||false|false\u00a0\u00bb custom_margin_phone=\u00a0\u00bb6px||||false|false\u00a0\u00bb custom_margin_last_edited=\u00a0\u00bbon|phone\u00a0\u00bb header_font_size_tablet=\u00a0\u00bb\u00a0\u00bb header_font_size_phone=\u00a0\u00bb35px\u00a0\u00bb header_font_size_last_edited=\u00a0\u00bbon|phone\u00a0\u00bb locked=\u00a0\u00bboff\u00a0\u00bb global_colors_info=\u00a0\u00bb{}\u00a0\u00bb]<\/p>\n<h1>Je suis Charlotte !<\/h1>\n<p>[\/et_pb_text][et_pb_text _builder_version=\u00a0\u00bb4.27.2&Prime; _module_preset=\u00a0\u00bbdefault\u00a0\u00bb text_orientation=\u00a0\u00bbcenter\u00a0\u00bb locked=\u00a0\u00bboff\u00a0\u00bb global_colors_info=\u00a0\u00bb{}\u00a0\u00bb]<\/p>\n<p>Wedding &amp; Event designer dans la r\u00e9gion toulousaine, je suis accro aux \u00e9v\u00e9nements charg\u00e9s en \u00e9motions. C&rsquo;est bizarre \u00e0 dire mais j&rsquo;adore&#8230; pleurer (de joie tout de m\u00eame, ou d&rsquo;\u00e9motion en tout cas). Et comme je suis rest\u00e9e une grande r\u00eaveuse et une \u00e9ternelle romantique, j&rsquo;ai d\u00e9cid\u00e9 de d\u00e9dier enti\u00e8rement un blog sur ces th\u00e8mes qui me sont chers, et qui font encore vibrer petits et grands, sans en avoir honte \ud83d\ude09<\/p>\n<p>Tout a commenc\u00e9 avec ce projet fou de faire des shootings de mariages \u00e9l\u00e9gants, mais inspir\u00e9s des princesses les plus connues de nos contes et films pr\u00e9f\u00e9r\u00e9s : le tea time en plein air digne des Bridgerton, le monde d&rsquo;Alice au pays des merveilles (qui a r\u00e9veill\u00e9 un imaginaire d\u00e9bordant de la part de tous les prestataires en jeu), Cendrillon qui montre l&rsquo;\u00e9l\u00e9gance \u00e0 la fran\u00e7aise, Pocahontas avec son style boho qu&rsquo;on aime tant, Blanche-neige revisit\u00e9 avec son prince endormi et ses sorci\u00e8res tentatrices&#8230; et plein d&rsquo;autres projets incroyables \u00e0 d\u00e9couvrir sur ce site !\u00a0\u00a0<\/p>\n<p>[\/et_pb_text][et_pb_button button_url=\u00a0\u00bbhttps:\/\/cespetitsriens.fr\/\u00a0\u00bb button_text=\u00a0\u00bbD\u00e9couvrir Ces Petits Riens\u00a0\u00bb button_alignment=\u00a0\u00bbcenter\u00a0\u00bb _builder_version=\u00a0\u00bb4.27.3&Prime; _module_preset=\u00a0\u00bbdefault\u00a0\u00bb custom_margin=\u00a0\u00bb47px||||false|false\u00a0\u00bb hover_enabled=\u00a0\u00bb0&Prime; global_colors_info=\u00a0\u00bb{}\u00a0\u00bb url_new_window=\u00a0\u00bbon\u00a0\u00bb sticky_enabled=\u00a0\u00bb0&Prime;][\/et_pb_button][\/et_pb_column][et_pb_column type=\u00a0\u00bb2_5&Prime; _builder_version=\u00a0\u00bb4.27.0&Prime; _module_preset=\u00a0\u00bbdefault\u00a0\u00bb global_colors_info=\u00a0\u00bb{}\u00a0\u00bb][et_pb_image src=\u00a0\u00bbhttp:\/\/cespetitsreves.fr\/wp-content\/uploads\/2024\/11\/allysonlaffittephotographe-189-scaled.jpg\u00a0\u00bb title_text=\u00a0\u00bballysonlaffittephotographe-189&Prime; _builder_version=\u00a0\u00bb4.27.2&Prime; _module_preset=\u00a0\u00bbdefault\u00a0\u00bb custom_margin_tablet=\u00a0\u00bb41px||||false|false\u00a0\u00bb custom_margin_phone=\u00a0\u00bb29px||||false|false\u00a0\u00bb custom_margin_last_edited=\u00a0\u00bbon|phone\u00a0\u00bb border_radii=\u00a0\u00bbon|582px|582px|582px|582px\u00a0\u00bb border_width_all=\u00a0\u00bb3px\u00a0\u00bb border_color_all=\u00a0\u00bb#F7DBCB\u00a0\u00bb locked=\u00a0\u00bboff\u00a0\u00bb global_colors_info=\u00a0\u00bb{}\u00a0\u00bb][\/et_pb_image][\/et_pb_column][\/et_pb_row][\/et_pb_section][et_pb_section fb_built=\u00a0\u00bb1&Prime; custom_padding_last_edited=\u00a0\u00bbon|phone\u00a0\u00bb _builder_version=\u00a0\u00bb4.27.3&Prime; _module_preset=\u00a0\u00bbdefault\u00a0\u00bb background_enable_color=\u00a0\u00bboff\u00a0\u00bb background_image=\u00a0\u00bbhttp:\/\/cespetitsreves.fr\/wp-content\/uploads\/2024\/08\/fanny-rucher-photographe-shooting-alice-123.jpg\u00a0\u00bb parallax=\u00a0\u00bbon\u00a0\u00bb parallax_method=\u00a0\u00bboff\u00a0\u00bb custom_padding=\u00a0\u00bb55px||74px||false|false\u00a0\u00bb custom_padding_tablet=\u00a0\u00bb87px||81px||false|false\u00a0\u00bb custom_padding_phone=\u00a0\u00bb58px||42px||false|false\u00a0\u00bb hover_enabled=\u00a0\u00bb0&Prime; locked=\u00a0\u00bboff\u00a0\u00bb global_colors_info=\u00a0\u00bb{}\u00a0\u00bb min_height=\u00a0\u00bb285px\u00a0\u00bb title_text=\u00a0\u00bbfanny-rucher-photographe-shooting-inspiration-mariage-alice-aux-pays-des-merveilles-france\u00a0\u00bb sticky_enabled=\u00a0\u00bb0&Prime; position_origin_r=\u00a0\u00bbbottom_right\u00a0\u00bb][\/et_pb_section][et_pb_section fb_built=\u00a0\u00bb1&Prime; custom_padding_last_edited=\u00a0\u00bbon|phone\u00a0\u00bb _builder_version=\u00a0\u00bb4.27.0&Prime; _module_preset=\u00a0\u00bbdefault\u00a0\u00bb min_height=\u00a0\u00bb765.9px\u00a0\u00bb custom_margin=\u00a0\u00bb-21px|||||\u00a0\u00bb custom_padding=\u00a0\u00bb30px||13px|||\u00a0\u00bb custom_padding_tablet=\u00a0\u00bb||87px|||\u00a0\u00bb custom_padding_phone=\u00a0\u00bb||57px||false|false\u00a0\u00bb global_colors_info=\u00a0\u00bb{}\u00a0\u00bb][et_pb_row column_structure=\u00a0\u00bb2_5,3_5&Prime; _builder_version=\u00a0\u00bb4.27.0&Prime; _module_preset=\u00a0\u00bbdefault\u00a0\u00bb custom_margin=\u00a0\u00bb26px|auto||auto|false|false\u00a0\u00bb animation_style=\u00a0\u00bbfade\u00a0\u00bb locked=\u00a0\u00bboff\u00a0\u00bb global_colors_info=\u00a0\u00bb{}\u00a0\u00bb][et_pb_column type=\u00a0\u00bb2_5&Prime; _builder_version=\u00a0\u00bb4.27.0&Prime; _module_preset=\u00a0\u00bbdefault\u00a0\u00bb global_colors_info=\u00a0\u00bb{}\u00a0\u00bb][et_pb_image src=\u00a0\u00bbhttp:\/\/cespetitsreves.fr\/wp-content\/uploads\/2024\/08\/Marine-Blue-photography-1.jpg\u00a0\u00bb title_text=\u00a0\u00bbMarine Blue photography 1&Prime; _builder_version=\u00a0\u00bb4.27.2&Prime; _module_preset=\u00a0\u00bbdefault\u00a0\u00bb border_radii=\u00a0\u00bbon|50px|50px|50px|50px\u00a0\u00bb border_width_all=\u00a0\u00bb3px\u00a0\u00bb border_color_all=\u00a0\u00bb#F6D3D2&Prime; locked=\u00a0\u00bboff\u00a0\u00bb global_colors_info=\u00a0\u00bb{}\u00a0\u00bb][\/et_pb_image][\/et_pb_column][et_pb_column type=\u00a0\u00bb3_5&Prime; _builder_version=\u00a0\u00bb4.27.0&Prime; _module_preset=\u00a0\u00bbdefault\u00a0\u00bb global_colors_info=\u00a0\u00bb{}\u00a0\u00bb][et_pb_text _builder_version=\u00a0\u00bb4.27.2&Prime; _module_preset=\u00a0\u00bbdefault\u00a0\u00bb header_text_color=\u00a0\u00bb#E1ADAB\u00a0\u00bb text_orientation=\u00a0\u00bbcenter\u00a0\u00bb custom_margin=\u00a0\u00bb45px||||false|false\u00a0\u00bb header_font_size_tablet=\u00a0\u00bb\u00a0\u00bb header_font_size_phone=\u00a0\u00bb35px\u00a0\u00bb header_font_size_last_edited=\u00a0\u00bbon|phone\u00a0\u00bb locked=\u00a0\u00bboff\u00a0\u00bb global_colors_info=\u00a0\u00bb{}\u00a0\u00bb]<\/p>\n<h1>Inspirez-nous !<\/h1>\n<p>[\/et_pb_text][et_pb_text _builder_version=\u00a0\u00bb4.27.0&Prime; _module_preset=\u00a0\u00bbdefault\u00a0\u00bb text_orientation=\u00a0\u00bbcenter\u00a0\u00bb min_height=\u00a0\u00bb348.3px\u00a0\u00bb locked=\u00a0\u00bboff\u00a0\u00bb global_colors_info=\u00a0\u00bb{}\u00a0\u00bb]<\/p>\n<p>Vous \u00eates prestataire \u00e9v\u00e9nementiel ou un particulier et vous souhaitez partager des photos d&rsquo;un \u00e9v\u00e9nement ou d&rsquo;un shooting d&rsquo;inspiration qui correspond \u00e0 l&rsquo;univers de ce blog ?<\/p>\n<p>Alors n&rsquo;h\u00e9sitez pas \u00e0 nous \u00e9crire pour nous faire part de ce projet, en racontant son histoire et en mentionnant tous les participants qui ont oeuvr\u00e9 pour ce joli jour d\u00e9coratif. Partagez aussi vos astuces et DIY pour parvenir \u00e0 votre d\u00e9cor. Racontez-nous les retours de vos invit\u00e9s, vos recommandations&#8230; afin d&rsquo;aider les suivants \u00e0 cr\u00e9er un univers tout aussi magique pour une f\u00eate r\u00e9ussie !<\/p>\n<p>Vous retrouverez dans la rubrique \u00ab\u00a0Th\u00e8me\u00a0\u00bb des id\u00e9es class\u00e9es par cat\u00e9gories, des inspirations pour organiser votre \u00e9v\u00e9nement, venant de toutes les r\u00e9gions. Dans l&rsquo;onglet \u00ab\u00a0Shopping &amp; DIY\u00a0\u00bb vous y d\u00e9couvrirez des astuces et les prestataires dont vous avez besoin.<\/p>\n<p>&nbsp;<\/p>\n<p>[\/et_pb_text][et_pb_button button_url=\u00a0\u00bb@ET-DC@eyJkeW5hbWljIjp0cnVlLCJjb250ZW50IjoicG9zdF9saW5rX3VybF9wYWdlIiwic2V0dGluZ3MiOnsicG9zdF9pZCI6IjYzNjQifX0=@\u00a0\u00bb button_text=\u00a0\u00bbContactez-moi !\u00a0\u00bb button_alignment=\u00a0\u00bbcenter\u00a0\u00bb _builder_version=\u00a0\u00bb4.27.3&Prime; _dynamic_attributes=\u00a0\u00bbbutton_url\u00a0\u00bb _module_preset=\u00a0\u00bbdefault\u00a0\u00bb hover_enabled=\u00a0\u00bb0&Prime; global_colors_info=\u00a0\u00bb{}\u00a0\u00bb url_new_window=\u00a0\u00bbon\u00a0\u00bb sticky_enabled=\u00a0\u00bb0&Prime;][\/et_pb_button][\/et_pb_column][\/et_pb_row][\/et_pb_section][et_pb_section fb_built=\u00a0\u00bb1&Prime; _builder_version=\u00a0\u00bb4.27.0&Prime; _module_preset=\u00a0\u00bbdefault\u00a0\u00bb background_color=\u00a0\u00bb#FAF8F6&Prime; background_image=\u00a0\u00bbhttp:\/\/cespetitsreves.fr\/wp-content\/uploads\/2024\/08\/INSPIRATION-MARIAGE-EMPIRE-FEERIES-COUTURE-CHATEAU-PUYDANIEL-AUDE-OCCITANIE-PHOTOGRAPHE-INTIMISTE-SOPHIE-BACHERE-HD-208.-00208-scaled.jpg\u00a0\u00bb parallax=\u00a0\u00bbon\u00a0\u00bb parallax_method=\u00a0\u00bboff\u00a0\u00bb custom_padding=\u00a0\u00bb104px||104px||true|false\u00a0\u00bb global_colors_info=\u00a0\u00bb{}\u00a0\u00bb][\/et_pb_section]<\/p>\n","protected":false},"excerpt":{"rendered":"<p>Fais de ta vie un r\u00eave&#8230;Bienvenue ! Ce blog a pour vocation de se faire plaisir avec des \u00e9v\u00e9nements ayant pour th\u00e8mes des histoires que nous connaissons tous, qui ont marqu\u00e9 notre jeunesse, qui nous ont \u00e9mus. Ici, sont publi\u00e9es vos plus belles f\u00eates, sur les th\u00e8mes des contes de f\u00e9es, films cultes ou romans [&hellip;]<\/p>\n","protected":false},"author":1,"featured_media":0,"parent":0,"menu_order":0,"comment_status":"closed","ping_status":"closed","template":"","meta":{"_et_pb_use_builder":"on","_et_pb_old_content":"","_et_gb_content_width":"","footnotes":""},"class_list":["post-6373","page","type-page","status-publish","hentry"],"_links":{"self":[{"href":"https:\/\/cespetitsreves.fr\/index.php?rest_route=\/wp\/v2\/pages\/6373","targetHints":{"allow":["GET"]}}],"collection":[{"href":"https:\/\/cespetitsreves.fr\/index.php?rest_route=\/wp\/v2\/pages"}],"about":[{"href":"https:\/\/cespetitsreves.fr\/index.php?rest_route=\/wp\/v2\/types\/page"}],"author":[{"embeddable":true,"href":"https:\/\/cespetitsreves.fr\/index.php?rest_route=\/wp\/v2\/users\/1"}],"replies":[{"embeddable":true,"href":"https:\/\/cespetitsreves.fr\/index.php?rest_route=%2Fwp%2Fv2%2Fcomments&post=6373"}],"version-history":[{"count":17,"href":"https:\/\/cespetitsreves.fr\/index.php?rest_route=\/wp\/v2\/pages\/6373\/revisions"}],"predecessor-version":[{"id":6916,"href":"https:\/\/cespetitsreves.fr\/index.php?rest_route=\/wp\/v2\/pages\/6373\/revisions\/6916"}],"wp:attachment":[{"href":"https:\/\/cespetitsreves.fr\/index.php?rest_route=%2Fwp%2Fv2%2Fmedia&parent=6373"}],"curies":[{"name":"wp","href":"https:\/\/api.w.org\/{rel}","templated":true}]}}